{"id":12124,"date":"2024-08-13T12:02:44","date_gmt":"2024-08-13T10:02:44","guid":{"rendered":"https:\/\/sturbi.si\/?page_id=12124"},"modified":"2024-08-13T12:41:57","modified_gmt":"2024-08-13T10:41:57","slug":"poskodovan-artikel","status":"publish","type":"page","link":"https:\/\/sturbi.si\/?page_id=12124","title":{"rendered":"PO\u0160KODOVAN ARTIKEL"},"content":{"rendered":"\t\t<div data-elementor-type=\"wp-page\" data-elementor-id=\"12124\" class=\"elementor elementor-12124\">\n\t\t\t\t<div class=\"elementor-element elementor-element-d0c2d74 e-flex e-con-boxed e-con e-parent\" data-id=\"d0c2d74\" data-element_type=\"container\">\n\t\t\t\t\t<div class=\"e-con-inner\">\n\t\t\t\t<div class=\"elementor-element elementor-element-1c962bd elementor-widget elementor-widget-text-editor\" data-id=\"1c962bd\" data-element_type=\"widget\" data-widget_type=\"text-editor.default\">\n\t\t\t\t<div class=\"elementor-widget-container\">\n\t\t\t<style>\/*! elementor - v3.23.0 - 05-08-2024 *\/\n.elementor-widget-text-editor.elementor-drop-cap-view-stacked .elementor-drop-cap{background-color:#69727d;color:#fff}.elementor-widget-text-editor.elementor-drop-cap-view-framed .elementor-drop-cap{color:#69727d;border:3px solid;background-color:transparent}.elementor-widget-text-editor:not(.elementor-drop-cap-view-default) .elementor-drop-cap{margin-top:8px}.elementor-widget-text-editor:not(.elementor-drop-cap-view-default) .elementor-drop-cap-letter{width:1em;height:1em}.elementor-widget-text-editor .elementor-drop-cap{float:left;text-align:center;line-height:1;font-size:50px}.elementor-widget-text-editor .elementor-drop-cap-letter{display:inline-block}<\/style>\t\t\t\t<h1>PO\u0160KODOVAN ARTIKEL<\/h1><h3>Po\u0161kodba artikla pri dostavi<\/h3><p class=\"con-large con-bold\">Obravnava po\u0161kodovanih po\u0161iljk (od\u0161kodnine)<\/p><p class=\"con-bold\">OPOZORILO: TRANSPORTNE PO\u0160KODBE NI MOGO\u010cE UVELJAVLJATI BREZ ORIGINALNE EMBALA\u017dE!<\/p><p class=\"con-bold\">\u010ce vam je naro\u010dilo dostavil v\u00a0GLS (v GLS paketomat)<\/p><p>\u010ce ste naro\u010dili dostavo v GLS paketomat in \u010de ste ob prevzemu po\u0161iljke opazili, da je artikel ali po\u0161iljka fizi\u010dno po\u0161kodovana, lahko zahtevate od\u0161kodnino.<\/p><p>\u0160kodo prijavite prek\u00a0<a href=\"https:\/\/www.mimovrste.com\/kontakt?ref=runId:abc7b622a54425ade834848768239fb1e5025354:poskozenazasilka\">spletnega obrazca<\/a>. Potrebovali bomo fotografije dostave, embala\u017ee, po\u0161kodovanega izdelka, oznake GLS in opis \u0161kode.<\/p><p class=\"con-bold\">\u010ce vam je naro\u010dilo dostavila Po\u0161ta Slovenije<\/p><p>\u010ce ste ob prevzemu po\u0161iljke opazili, da je artikel ali po\u0161iljka fizi\u010dno po\u0161kodovana, v\u00a0njej manjka vsebina ali\u00a0ka\u017ee znake odprtja, lahko sami vlo\u017eite postopek od\u0161kodnine pri\u00a0Po\u0161ti Slovenije. V\u00a0primeru, da\u00a0boste postopek spro\u017eIli sami, to\u00a0storite tako, da\u00a0po\u0161iljko (embala\u017eo +\u00a0vsebino) prinesete najkasneje v\u00a0roku 30\u00a0dni od\u00a0prevzema po\u0161iljke na\u00a0va\u0161o mati\u010dno Po\u0161to, ki vam je artikel dostavila.<\/p><p>Na Po\u0161ti je potrebno izpolniti Zapisnik o po\u0161kodovani po\u0161iljki, ki ga podpi\u0161ete tudi vi. Po\u00a0prejetju vse potrebne dokumentacije, se na\u00a0Po\u0161to Slovenije poda zahtevek za\u00a0od\u0161kodnino.<\/p>\t\t\t\t\t\t<\/div>\n\t\t\t\t<\/div>\n\t\t\t\t<div class=\"elementor-element elementor-element-4dc46cb elementor-widget-divider--view-line elementor-widget elementor-widget-divider\" data-id=\"4dc46cb\" data-element_type=\"widget\" data-widget_type=\"divider.default\">\n\t\t\t\t<div class=\"elementor-widget-container\">\n\t\t\t<style>\/*! elementor - v3.23.0 - 05-08-2024 *\/\n.elementor-widget-divider{--divider-border-style:none;--divider-border-width:1px;--divider-color:#0c0d0e;--divider-icon-size:20px;--divider-element-spacing:10px;--divider-pattern-height:24px;--divider-pattern-size:20px;--divider-pattern-url:none;--divider-pattern-repeat:repeat-x}.elementor-widget-divider .elementor-divider{display:flex}.elementor-widget-divider .elementor-divider__text{font-size:15px;line-height:1;max-width:95%}.elementor-widget-divider .elementor-divider__element{margin:0 var(--divider-element-spacing);flex-shrink:0}.elementor-widget-divider .elementor-icon{font-size:var(--divider-icon-size)}.elementor-widget-divider .elementor-divider-separator{display:flex;margin:0;direction:ltr}.elementor-widget-divider--view-line_icon .elementor-divider-separator,.elementor-widget-divider--view-line_text .elementor-divider-separator{align-items:center}.elementor-widget-divider--view-line_icon .elementor-divider-separator:after,.elementor-widget-divider--view-line_icon .elementor-divider-separator:before,.elementor-widget-divider--view-line_text .elementor-divider-separator:after,.elementor-widget-divider--view-line_text .elementor-divider-separator:before{display:block;content:\"\";border-block-end:0;flex-grow:1;border-block-start:var(--divider-border-width) var(--divider-border-style) var(--divider-color)}.elementor-widget-divider--element-align-left .elementor-divider .elementor-divider-separator>.elementor-divider__svg:first-of-type{flex-grow:0;flex-shrink:100}.elementor-widget-divider--element-align-left .elementor-divider-separator:before{content:none}.elementor-widget-divider--element-align-left .elementor-divider__element{margin-left:0}.elementor-widget-divider--element-align-right .elementor-divider .elementor-divider-separator>.elementor-divider__svg:last-of-type{flex-grow:0;flex-shrink:100}.elementor-widget-divider--element-align-right .elementor-divider-separator:after{content:none}.elementor-widget-divider--element-align-right .elementor-divider__element{margin-right:0}.elementor-widget-divider--element-align-start .elementor-divider .elementor-divider-separator>.elementor-divider__svg:first-of-type{flex-grow:0;flex-shrink:100}.elementor-widget-divider--element-align-start .elementor-divider-separator:before{content:none}.elementor-widget-divider--element-align-start .elementor-divider__element{margin-inline-start:0}.elementor-widget-divider--element-align-end .elementor-divider .elementor-divider-separator>.elementor-divider__svg:last-of-type{flex-grow:0;flex-shrink:100}.elementor-widget-divider--element-align-end .elementor-divider-separator:after{content:none}.elementor-widget-divider--element-align-end .elementor-divider__element{margin-inline-end:0}.elementor-widget-divider:not(.elementor-widget-divider--view-line_text):not(.elementor-widget-divider--view-line_icon) .elementor-divider-separator{border-block-start:var(--divider-border-width) var(--divider-border-style) var(--divider-color)}.elementor-widget-divider--separator-type-pattern{--divider-border-style:none}.elementor-widget-divider--separator-type-pattern.elementor-widget-divider--view-line .elementor-divider-separator,.elementor-widget-divider--separator-type-pattern:not(.elementor-widget-divider--view-line) .elementor-divider-separator:after,.elementor-widget-divider--separator-type-pattern:not(.elementor-widget-divider--view-line) .elementor-divider-separator:before,.elementor-widget-divider--separator-type-pattern:not([class*=elementor-widget-divider--view]) .elementor-divider-separator{width:100%;min-height:var(--divider-pattern-height);-webkit-mask-size:var(--divider-pattern-size) 100%;mask-size:var(--divider-pattern-size) 100%;-webkit-mask-repeat:var(--divider-pattern-repeat);mask-repeat:var(--divider-pattern-repeat);background-color:var(--divider-color);-webkit-mask-image:var(--divider-pattern-url);mask-image:var(--divider-pattern-url)}.elementor-widget-divider--no-spacing{--divider-pattern-size:auto}.elementor-widget-divider--bg-round{--divider-pattern-repeat:round}.rtl .elementor-widget-divider .elementor-divider__text{direction:rtl}.e-con-inner>.elementor-widget-divider,.e-con>.elementor-widget-divider{width:var(--container-widget-width,100%);--flex-grow:var(--container-widget-flex-grow)}<\/style>\t\t<div class=\"elementor-divider\">\n\t\t\t<span class=\"elementor-divider-separator\">\n\t\t\t\t\t\t<\/span>\n\t\t<\/div>\n\t\t\t\t<\/div>\n\t\t\t\t<\/div>\n\t\t\t\t\t<\/div>\n\t\t\t\t<\/div>\n\t\t<div class=\"elementor-element elementor-element-b5f88bc e-flex e-con-boxed e-con e-parent\" data-id=\"b5f88bc\" data-element_type=\"container\">\n\t\t\t\t\t<div class=\"e-con-inner\">\n\t\t\t\t<div class=\"elementor-element elementor-element-75b0c11 elementor-widget elementor-widget-text-editor\" data-id=\"75b0c11\" data-element_type=\"widget\" data-widget_type=\"text-editor.default\">\n\t\t\t\t<div class=\"elementor-widget-container\">\n\t\t\t\t\t\t\t<h2><strong>STVARNA NAPAKA<\/strong><\/h2><div class=\"poradit\">V kolikor je nakup opravljen na pravno osebo, glejte poglavje STVARNA NAPAKA,<br \/>saj za pravne osebe velja zakonodaja povzeta po Obligacijskem zakoniku.<\/div><p>Trudimo se, da vam zagotavljamo najbolj\u0161e artikle priznanih proizvajalcev, ampak \u010de kljub temu va\u0161 kupljeni artikel ne\u00a0deluje kot bi\u00a0moral, vam lahko pomagamo. Stvarno napako lahko uveljavljate, \u010de menite, da\u00a0artikel nima lastnosti, ki\u00a0so potrebne za\u00a0njegovo normalno rabo.<\/p><p>Poglavje o stvarni napaki velja za prodajne pogodbe, ki so bile sklenjene pred za\u010detkom uporabe Zakona o varstvu potro\u0161nikov (Uradni list RS, \u0161t. 130\/22, ZVPot-1) to je pred 26.01.2023.<\/p><h3>Kdaj je napaka stvarna?<\/h3><ul><li>artikel nima lastnosti, ki so potrebne za\u00a0njegovo normalno rabo ali za\u00a0promet,<\/li><li>artikel nima lastnosti, ki so potrebne za posebno rabo, za katero jo kupec kupuje, ki pa bila prodajalcu znana oziroma bi mu morala biti znana,<\/li><li>artikel nima lastnosti in odlik, ki so bile izrecno ali mol\u010de dogovorjene oziroma predpisane,<\/li><li>je prodajalec izro\u010dil artikel, ki se ne ujema z vzorcem ali modelom, razen \u010de je bil vzorec ali model pokazan le zaradi obvestila.<\/li><\/ul><h3>Kako se preverja primernost artikla?<\/h3><p>Preverja se z drugim, brezhibnim artiklom enake vrste, hkrati pa tudi z izjavami proizvajalca, poobla\u0161\u010denega serviserja oziroma navedbami na\u00a0samem artiklu.<\/p><h3>Kako se stvarno napako uveljavi?<\/h3>\t\t\t\t\t\t<\/div>\n\t\t\t\t<\/div>\n\t\t\t\t\t<\/div>\n\t\t\t\t<\/div>\n\t\t<div class=\"elementor-element elementor-element-05535dd e-flex e-con-boxed e-con e-parent\" data-id=\"05535dd\" data-element_type=\"container\">\n\t\t\t\t\t<div class=\"e-con-inner\">\n\t\t\t\t\t<\/div>\n\t\t\t\t<\/div>\n\t\t\t\t<\/div>\n\t\t","protected":false},"excerpt":{"rendered":"<p>PO\u0160KODOVAN ARTIKEL Po\u0161kodba artikla pri dostavi Obravnava po\u0161kodovanih po\u0161iljk (od\u0161kodnine) OPOZORILO: TRANSPORTNE PO\u0160KODBE NI MOGO\u010cE UVELJAVLJATI BREZ ORIGINALNE EMBALA\u017dE! \u010ce vam je naro\u010dilo dostavil v\u00a0GLS (v GLS paketomat) \u010ce ste naro\u010dili dostavo v GLS paketomat in \u010de ste ob prevzemu po\u0161iljke opazili, da je artikel ali po\u0161iljka fizi\u010dno po\u0161kodovana, lahko zahtevate od\u0161kodnino. \u0160kodo prijavite prek\u00a0spletnega &hellip; <a href=\"https:\/\/sturbi.si\/?page_id=12124\" class=\"more-link\">Continue reading <span class=\"screen-reader-text\">PO\u0160KODOVAN ARTIKEL<\/span><\/a><\/p>\n","protected":false},"author":1,"featured_media":0,"parent":0,"menu_order":0,"comment_status":"closed","ping_status":"closed","template":"","meta":{"footnotes":""},"class_list":["post-12124","page","type-page","status-publish","hentry"],"_links":{"self":[{"href":"https:\/\/sturbi.si\/index.php?rest_route=\/wp\/v2\/pages\/12124","targetHints":{"allow":["GET"]}}],"collection":[{"href":"https:\/\/sturbi.si\/index.php?rest_route=\/wp\/v2\/pages"}],"about":[{"href":"https:\/\/sturbi.si\/index.php?rest_route=\/wp\/v2\/types\/page"}],"author":[{"embeddable":true,"href":"https:\/\/sturbi.si\/index.php?rest_route=\/wp\/v2\/users\/1"}],"replies":[{"embeddable":true,"href":"https:\/\/sturbi.si\/index.php?rest_route=%2Fwp%2Fv2%2Fcomments&post=12124"}],"version-history":[{"count":9,"href":"https:\/\/sturbi.si\/index.php?rest_route=\/wp\/v2\/pages\/12124\/revisions"}],"predecessor-version":[{"id":12152,"href":"https:\/\/sturbi.si\/index.php?rest_route=\/wp\/v2\/pages\/12124\/revisions\/12152"}],"wp:attachment":[{"href":"https:\/\/sturbi.si\/index.php?rest_route=%2Fwp%2Fv2%2Fmedia&parent=12124"}],"curies":[{"name":"wp","href":"https:\/\/api.w.org\/{rel}","templated":true}]}}